{"id":117,"date":"2017-05-12T09:06:40","date_gmt":"2017-05-12T08:06:40","guid":{"rendered":"http:\/\/www.pistaspadelsantboi.com\/?page_id=117"},"modified":"2022-12-15T00:37:24","modified_gmt":"2022-12-14T23:37:24","slug":"escuela-de-padel-sant-boi","status":"publish","type":"page","link":"https:\/\/www.pistaspadelsantboi.com\/index.php\/escuela-de-padel-sant-boi\/","title":{"rendered":"Escuela de padel Sant Boi"},"content":{"rendered":"<h1>Escuela de padel en Sant Boi<\/h1>\n<div><\/div>\n<h2>Escuela de padel Baix Llobregat<\/h2>\n<div><\/div>\n<div>En <strong>pistas de padel Sant Boi<\/strong> te ofrecemos nuestro servicios de <strong>escuela de padel<\/strong> para todos los niveles y todas las edades en <strong>Sant Boi<\/strong> de Llobregat.<\/div>\n<div><\/div>\n<div><\/div>\n<div><img loading=\"lazy\" decoding=\"async\" class=\"wp-image-391 size-full aligncenter\" src=\"http:\/\/www.pistaspadelsantboi.com\/wp-content\/uploads\/2017\/05\/escuela-padel-sant-boi.jpg\" alt=\"escuela-padel-sant-boi\" width=\"615\" height=\"880\" srcset=\"https:\/\/www.pistaspadelsantboi.com\/wp-content\/uploads\/2017\/05\/escuela-padel-sant-boi.jpg 615w, https:\/\/www.pistaspadelsantboi.com\/wp-content\/uploads\/2017\/05\/escuela-padel-sant-boi-210x300.jpg 210w, https:\/\/www.pistaspadelsantboi.com\/wp-content\/uploads\/2017\/05\/escuela-padel-sant-boi-189x270.jpg 189w\" sizes=\"auto, (max-width: 615px) 100vw, 615px\" \/><\/div>\n<div><\/div>\n<div><\/div>\n<div>Podr\u00e1s aprender a jugar a padel en nuestras <strong>pistas de padel de Sant Boi<\/strong> desde cero, o bien, si ya juegas regularmente, podr\u00e1s mejorar tu preparaci\u00f3n, tanto f\u00edsica, como t\u00e9cnica, gracias a nuestros especialistas en padel.<\/div>\n<div><\/div>\n<div>Si est\u00e1s interesado en ampliar la informaci\u00f3n referente a nuestras <strong>escuela de padel en Sant Boi<\/strong>, puedes enviarnos tus datos <a href=\"http:\/\/www.pistaspadelsantboi.com\/index.php\/contacta\/\">aqu\u00ed<\/a> o bien llamar al 93 630 28 38 y te pondremos en contacto con el responsable de la <strong>escuela de padel<\/strong> que tenemos en <strong>Sant Boi<\/strong> y que cuenta con alumnos de todo el Baix Llobregat.<\/div>\n<div><\/div>\n<div>Aqu\u00ed puedes dar un vistazo a nuestras <strong>pistas de padel en Sant Boi<\/strong> e <a href=\"http:\/\/www.pistaspadelsantboi.com\/\">informarte<\/a> de todas las caracter\u00edsticas t\u00e9cnicas de nuestras pistas de padel y resto de servicios.<\/div>\n","protected":false},"excerpt":{"rendered":"<p>Escuela de padel en Sant Boi Escuela de padel Baix Llobregat En pistas de padel Sant Boi te ofrecemos nuestro [&hellip;]<\/p>\n","protected":false},"author":1,"featured_media":0,"parent":0,"menu_order":0,"comment_status":"closed","ping_status":"closed","template":"","meta":{"_uag_custom_page_level_css":"","site-sidebar-layout":"default","site-content-layout":"","ast-site-content-layout":"","site-content-style":"default","site-sidebar-style":"default","ast-global-header-display":"","ast-banner-title-visibility":"","ast-main-header-display":"","ast-hfb-above-header-display":"","ast-hfb-below-header-display":"","ast-hfb-mobile-header-display":"","site-post-title":"","ast-breadcrumbs-content":"","ast-featured-img":"","footer-sml-layout":"","theme-transparent-header-meta":"","adv-header-id-meta":"","stick-header-meta":"","header-above-stick-meta":"","header-main-stick-meta":"","header-below-stick-meta":"","astra-migrate-meta-layouts":"default","ast-page-background-enabled":"default","ast-page-background-meta":{"desktop":{"background-color":"var(--ast-global-color-5)","background-image":"","background-repeat":"repeat","background-position":"center center","background-size":"auto","background-attachment":"scroll","background-type":"","background-media":"","overlay-type":"","overlay-color":"","overlay-opacity":"","overlay-gradient":""},"tablet":{"background-color":"","background-image":"","background-repeat":"repeat","background-position":"center center","background-size":"auto","background-attachment":"scroll","background-type":"","background-media":"","overlay-type":"","overlay-color":"","overlay-opacity":"","overlay-gradient":""},"mobile":{"background-color":"","background-image":"","background-repeat":"repeat","background-position":"center center","background-size":"auto","background-attachment":"scroll","background-type":"","background-media":"","overlay-type":"","overlay-color":"","overlay-opacity":"","overlay-gradient":""}},"ast-content-background-meta":{"desktop":{"background-color":"var(--ast-global-color-4)","background-image":"","background-repeat":"repeat","background-position":"center center","background-size":"auto","background-attachment":"scroll","background-type":"","background-media":"","overlay-type":"","overlay-color":"","overlay-opacity":"","overlay-gradient":""},"tablet":{"background-color":"var(--ast-global-color-4)","background-image":"","background-repeat":"repeat","background-position":"center center","background-size":"auto","background-attachment":"scroll","background-type":"","background-media":"","overlay-type":"","overlay-color":"","overlay-opacity":"","overlay-gradient":""},"mobile":{"background-color":"var(--ast-global-color-4)","background-image":"","background-repeat":"repeat","background-position":"center center","background-size":"auto","background-attachment":"scroll","background-type":"","background-media":"","overlay-type":"","overlay-color":"","overlay-opacity":"","overlay-gradient":""}},"footnotes":""},"class_list":["post-117","page","type-page","status-publish","hentry"],"uagb_featured_image_src":{"full":false,"thumbnail":false,"medium":false,"medium_large":false,"large":false,"1536x1536":false,"2048x2048":false},"uagb_author_info":{"display_name":"padelsantboi","author_link":"https:\/\/www.pistaspadelsantboi.com\/index.php\/author\/padelsantboi\/"},"uagb_comment_info":0,"uagb_excerpt":"Escuela de padel en Sant Boi Escuela de padel Baix Llobregat En pistas de padel Sant Boi te ofrecemos nuestro [&hellip;]","_links":{"self":[{"href":"https:\/\/www.pistaspadelsantboi.com\/index.php\/wp-json\/wp\/v2\/pages\/117","targetHints":{"allow":["GET"]}}],"collection":[{"href":"https:\/\/www.pistaspadelsantboi.com\/index.php\/wp-json\/wp\/v2\/pages"}],"about":[{"href":"https:\/\/www.pistaspadelsantboi.com\/index.php\/wp-json\/wp\/v2\/types\/page"}],"author":[{"embeddable":true,"href":"https:\/\/www.pistaspadelsantboi.com\/index.php\/wp-json\/wp\/v2\/users\/1"}],"replies":[{"embeddable":true,"href":"https:\/\/www.pistaspadelsantboi.com\/index.php\/wp-json\/wp\/v2\/comments?post=117"}],"version-history":[{"count":4,"href":"https:\/\/www.pistaspadelsantboi.com\/index.php\/wp-json\/wp\/v2\/pages\/117\/revisions"}],"predecessor-version":[{"id":393,"href":"https:\/\/www.pistaspadelsantboi.com\/index.php\/wp-json\/wp\/v2\/pages\/117\/revisions\/393"}],"wp:attachment":[{"href":"https:\/\/www.pistaspadelsantboi.com\/index.php\/wp-json\/wp\/v2\/media?parent=117"}],"curies":[{"name":"wp","href":"https:\/\/api.w.org\/{rel}","templated":true}]}}