{"id":422,"date":"2025-03-06T00:54:22","date_gmt":"2025-03-05T23:54:22","guid":{"rendered":"http:\/\/www.pistaspadelsantboi.com\/?page_id=422"},"modified":"2025-03-06T00:58:38","modified_gmt":"2025-03-05T23:58:38","slug":"grava-la-teva-partida","status":"publish","type":"page","link":"https:\/\/www.pistaspadelsantboi.com\/index.php\/grava-la-teva-partida\/","title":{"rendered":"Grava la teva partida!"},"content":{"rendered":"<p><img loading=\"lazy\" decoding=\"async\" width=\"640\" height=\"800\" src=\"http:\/\/www.pistaspadelsantboi.com\/wp-content\/uploads\/2024\/09\/11-pistas-padel-sant-boi-819x1024.jpg\" alt=\"11-pistas-padel-sant-boi\" srcset=\"http:\/\/www.pistaspadelsantboi.com\/wp-content\/uploads\/2024\/09\/11-pistas-padel-sant-boi-819x1024.jpg 819w, http:\/\/www.pistaspadelsantboi.com\/wp-content\/uploads\/2024\/09\/11-pistas-padel-sant-boi-240x300.jpg 240w, http:\/\/www.pistaspadelsantboi.com\/wp-content\/uploads\/2024\/09\/11-pistas-padel-sant-boi-768x960.jpg 768w, http:\/\/www.pistaspadelsantboi.com\/wp-content\/uploads\/2024\/09\/11-pistas-padel-sant-boi-216x270.jpg 216w, http:\/\/www.pistaspadelsantboi.com\/wp-content\/uploads\/2024\/09\/11-pistas-padel-sant-boi.jpg 1080w\" sizes=\"auto, (max-width: 640px) 100vw, 640px\" \/>\t\t\t\t\t\t\t\t\t\t\t\t\t\t\t<\/p>\n<h2 style=\"font-family: 'Roboto Slab', Helvetica, Arial, Verdana, Tahoma, sans-serif; font-weight: bold; color: #4d751f;\">GRAVA EL TEU PARTIT DE P\u00c0DEL GRATIS<\/h2>\n<hr style=\"box-sizing: content-box; margin-top: 20px; margin-bottom: 20px; color: #111745; font-family: Roboto, Helvetica, Arial, Verdana, Tahoma, sans-serif; font-size: 14px; background-color: #ffffff; border-color: #eeeeee initial initial initial; border-style: solid initial initial initial;\" \/>\n<h4 style=\"font-family: Roboto, Helvetica, Arial, Verdana, Tahoma, sans-serif; color: #111745;\">Grava f\u00e0cilment el teu partit de p\u00e0del escanejant el QR que tenim a cada pista!<\/h4>\n<hr style=\"box-sizing: content-box; margin-top: 20px; margin-bottom: 20px; color: #111745; font-family: Roboto, Helvetica, Arial, Verdana, Tahoma, sans-serif; font-size: 14px; background-color: #ffffff; border-color: #eeeeee initial initial initial; border-style: solid initial initial initial;\" \/>\n<p style=\"margin-bottom: 10px;\">El p\u00e0del, al CE Baldiri Aleu, entra en una nova dimensi\u00f3 gr\u00e0cies als amics de @tapesports_video<\/p>\n<p style=\"margin-bottom: 10px;\">Grava els teus partits de p\u00e0del f\u00e0cilment!, escanejant el codi QR que tenim habilitat a cadascuna de les nostres 11 pistes!<\/p>\n","protected":false},"excerpt":{"rendered":"<p>GRAVA EL TEU PARTIT DE P\u00c0DEL GRATIS Grava f\u00e0cilment el teu partit de p\u00e0del escanejant el QR que tenim a [&hellip;]<\/p>\n","protected":false},"author":1,"featured_media":0,"parent":0,"menu_order":0,"comment_status":"closed","ping_status":"closed","template":"","meta":{"_uag_custom_page_level_css":"","site-sidebar-layout":"default","site-content-layout":"","ast-site-content-layout":"","site-content-style":"default","site-sidebar-style":"default","ast-global-header-display":"","ast-banner-title-visibility":"","ast-main-header-display":"","ast-hfb-above-header-display":"","ast-hfb-below-header-display":"","ast-hfb-mobile-header-display":"","site-post-title":"","ast-breadcrumbs-content":"","ast-featured-img":"","footer-sml-layout":"","theme-transparent-header-meta":"","adv-header-id-meta":"","stick-header-meta":"","header-above-stick-meta":"","header-main-stick-meta":"","header-below-stick-meta":"","astra-migrate-meta-layouts":"default","ast-page-background-enabled":"default","ast-page-background-meta":{"desktop":{"background-color":"var(--ast-global-color-5)","background-image":"","background-repeat":"repeat","background-position":"center center","background-size":"auto","background-attachment":"scroll","background-type":"","background-media":"","overlay-type":"","overlay-color":"","overlay-opacity":"","overlay-gradient":""},"tablet":{"background-color":"","background-image":"","background-repeat":"repeat","background-position":"center center","background-size":"auto","background-attachment":"scroll","background-type":"","background-media":"","overlay-type":"","overlay-color":"","overlay-opacity":"","overlay-gradient":""},"mobile":{"background-color":"","background-image":"","background-repeat":"repeat","background-position":"center center","background-size":"auto","background-attachment":"scroll","background-type":"","background-media":"","overlay-type":"","overlay-color":"","overlay-opacity":"","overlay-gradient":""}},"ast-content-background-meta":{"desktop":{"background-color":"var(--ast-global-color-4)","background-image":"","background-repeat":"repeat","background-position":"center center","background-size":"auto","background-attachment":"scroll","background-type":"","background-media":"","overlay-type":"","overlay-color":"","overlay-opacity":"","overlay-gradient":""},"tablet":{"background-color":"var(--ast-global-color-4)","background-image":"","background-repeat":"repeat","background-position":"center center","background-size":"auto","background-attachment":"scroll","background-type":"","background-media":"","overlay-type":"","overlay-color":"","overlay-opacity":"","overlay-gradient":""},"mobile":{"background-color":"var(--ast-global-color-4)","background-image":"","background-repeat":"repeat","background-position":"center center","background-size":"auto","background-attachment":"scroll","background-type":"","background-media":"","overlay-type":"","overlay-color":"","overlay-opacity":"","overlay-gradient":""}},"footnotes":""},"class_list":["post-422","page","type-page","status-publish","hentry"],"uagb_featured_image_src":{"full":false,"thumbnail":false,"medium":false,"medium_large":false,"large":false,"1536x1536":false,"2048x2048":false},"uagb_author_info":{"display_name":"padelsantboi","author_link":"https:\/\/www.pistaspadelsantboi.com\/index.php\/author\/padelsantboi\/"},"uagb_comment_info":0,"uagb_excerpt":"GRAVA EL TEU PARTIT DE P\u00c0DEL GRATIS Grava f\u00e0cilment el teu partit de p\u00e0del escanejant el QR que tenim a [&hellip;]","_links":{"self":[{"href":"https:\/\/www.pistaspadelsantboi.com\/index.php\/wp-json\/wp\/v2\/pages\/422","targetHints":{"allow":["GET"]}}],"collection":[{"href":"https:\/\/www.pistaspadelsantboi.com\/index.php\/wp-json\/wp\/v2\/pages"}],"about":[{"href":"https:\/\/www.pistaspadelsantboi.com\/index.php\/wp-json\/wp\/v2\/types\/page"}],"author":[{"embeddable":true,"href":"https:\/\/www.pistaspadelsantboi.com\/index.php\/wp-json\/wp\/v2\/users\/1"}],"replies":[{"embeddable":true,"href":"https:\/\/www.pistaspadelsantboi.com\/index.php\/wp-json\/wp\/v2\/comments?post=422"}],"version-history":[{"count":4,"href":"https:\/\/www.pistaspadelsantboi.com\/index.php\/wp-json\/wp\/v2\/pages\/422\/revisions"}],"predecessor-version":[{"id":426,"href":"https:\/\/www.pistaspadelsantboi.com\/index.php\/wp-json\/wp\/v2\/pages\/422\/revisions\/426"}],"wp:attachment":[{"href":"https:\/\/www.pistaspadelsantboi.com\/index.php\/wp-json\/wp\/v2\/media?parent=422"}],"curies":[{"name":"wp","href":"https:\/\/api.w.org\/{rel}","templated":true}]}}